{"id":73,"date":"2014-12-31T17:37:35","date_gmt":"2014-12-31T15:37:35","guid":{"rendered":"http:\/\/test.schv-revensdorf.de\/?page_id=73"},"modified":"2022-09-05T20:36:11","modified_gmt":"2022-09-05T18:36:11","slug":"stiftungsfest","status":"publish","type":"page","link":"http:\/\/schv-revensdorf.de\/?page_id=73","title":{"rendered":"Stiftungsfest"},"content":{"rendered":"<table dir=\"LTR\" border=\"1\" width=\"471\" cellspacing=\"1\" cellpadding=\"2\">\n<tbody>\n<tr>\n<td colspan=\"2\" height=\"48\">\n<table dir=\"LTR\" border=\"1\" width=\"471\" cellspacing=\"1\" cellpadding=\"2\">\n<tbody>\n<tr>\n<td colspan=\"2\" height=\"48\">\n<h6 align=\"LEFT\"><\/h6>\n<table dir=\"LTR\" border=\"1\" width=\"471\" cellspacing=\"1\" cellpadding=\"2\">\n<tbody>\n<tr>\n<td colspan=\"2\" height=\"48\">\n<h2 align=\"LEFT\"><b>K\u00f6nigshaus 2022<\/b><\/h2>\n<\/td>\n<\/tr>\n<tr>\n<td width=\"50%\" height=\"21\">\n<h6 align=\"LEFT\">K\u00f6nig<\/h6>\n<\/td>\n<td width=\"50%\" height=\"21\">\n<h6 align=\"LEFT\">Oleksandr Ilchuk<\/h6>\n<\/td>\n<\/tr>\n<tr>\n<td width=\"50%\" height=\"21\">\n<h6 align=\"LEFT\">1. Ritter<\/h6>\n<\/td>\n<td width=\"50%\" height=\"21\">\n<h6 align=\"LEFT\">Sascha Holst<\/h6>\n<\/td>\n<\/tr>\n<tr>\n<td width=\"50%\" height=\"21\">\n<h6 align=\"LEFT\">2. Ritter<\/h6>\n<\/td>\n<td width=\"50%\" height=\"21\">\n<h6 align=\"LEFT\">Gerd Holst<\/h6>\n<\/td>\n<\/tr>\n<tr>\n<td width=\"50%\" height=\"21\">\n<h6 align=\"LEFT\"><\/h6>\n<\/td>\n<td width=\"50%\" height=\"21\">\n<h6 align=\"LEFT\"><\/h6>\n<\/td>\n<\/tr>\n<tr>\n<td width=\"50%\" height=\"21\">\n<h6 align=\"LEFT\">Pokal der Majest\u00e4ten<\/h6>\n<\/td>\n<td width=\"50%\" height=\"21\">\n<h6 align=\"LEFT\">Aksana Dell<\/h6>\n<\/td>\n<\/tr>\n<tr>\n<td width=\"50%\" height=\"21\">\n<h6 align=\"LEFT\">Pokal der Nicht-Majest\u00e4ten<\/h6>\n<\/td>\n<td width=\"50%\" height=\"21\">\n<h6 align=\"LEFT\">Oleksandr Ilchuk<\/h6>\n<\/td>\n<\/tr>\n<tr>\n<td width=\"50%\" height=\"21\">\u00a0<strong>KK &#8211; Pokal<\/strong><\/td>\n<td width=\"50%\" height=\"21\"><strong>S\u00f6nke Rademacher<\/strong><\/td>\n<\/tr>\n<\/tbody>\n<\/table>\n<table dir=\"LTR\" border=\"1\" width=\"471\" cellspacing=\"1\" cellpadding=\"2\">\n<tbody>\n<tr>\n<td colspan=\"2\" height=\"48\">\n<table dir=\"LTR\" border=\"1\" width=\"471\" cellspacing=\"1\" cellpadding=\"2\">\n<tbody>\n<tr>\n<td colspan=\"2\" height=\"48\">\n<h2 align=\"LEFT\"><b>K\u00f6nigshaus 2018<\/b><\/h2>\n<\/td>\n<\/tr>\n<tr>\n<td width=\"50%\" height=\"21\">\n<h6 align=\"LEFT\">K\u00f6nig<\/h6>\n<\/td>\n<td width=\"50%\" height=\"21\">\n<h6 align=\"LEFT\">Eduard Dell<\/h6>\n<\/td>\n<\/tr>\n<tr>\n<td width=\"50%\" height=\"21\">\n<h6 align=\"LEFT\">K\u00f6nigin<\/h6>\n<\/td>\n<td width=\"50%\" height=\"21\">\n<h6 align=\"LEFT\">Dagmar K\u00f6ster<\/h6>\n<\/td>\n<\/tr>\n<tr>\n<td width=\"50%\" height=\"21\">\n<h6 align=\"LEFT\">1. Ritter<\/h6>\n<\/td>\n<td width=\"50%\" height=\"21\">\n<h6 align=\"LEFT\">Marcus Strecker<\/h6>\n<\/td>\n<\/tr>\n<tr>\n<td width=\"50%\" height=\"21\">\n<h6 align=\"LEFT\">1. Dame<\/h6>\n<\/td>\n<td width=\"50%\" height=\"21\">\n<h6 align=\"LEFT\">Nadine K\u00e4mpfer<\/h6>\n<\/td>\n<\/tr>\n<tr>\n<td width=\"50%\" height=\"21\">\n<h6 align=\"LEFT\">2. Ritter<\/h6>\n<\/td>\n<td width=\"50%\" height=\"21\">\n<h6 align=\"LEFT\">Gerd Holst<\/h6>\n<\/td>\n<\/tr>\n<tr>\n<td width=\"50%\" height=\"21\">\n<h6 align=\"LEFT\">2. Dame<\/h6>\n<\/td>\n<td width=\"50%\" height=\"21\">\n<h6 align=\"LEFT\">Astrid Sick<\/h6>\n<\/td>\n<\/tr>\n<tr>\n<td width=\"50%\" height=\"21\"><\/td>\n<td width=\"50%\" height=\"21\"><\/td>\n<\/tr>\n<tr>\n<td width=\"50%\" height=\"21\">\n<h6 align=\"LEFT\">Jungk\u00f6nig<\/h6>\n<\/td>\n<td width=\"50%\" height=\"21\">\n<h6 align=\"LEFT\">\u00a0Daniel Maash<\/h6>\n<\/td>\n<\/tr>\n<tr>\n<td width=\"50%\" height=\"21\">\n<h6 align=\"LEFT\">1. Ritter<\/h6>\n<\/td>\n<td width=\"50%\" height=\"21\"><\/td>\n<\/tr>\n<tr>\n<td width=\"50%\" height=\"22\">\n<h6 align=\"LEFT\">2.Ritter<\/h6>\n<\/td>\n<td width=\"50%\" height=\"22\"><\/td>\n<\/tr>\n<tr>\n<td width=\"50%\" height=\"22\"><\/td>\n<\/tr>\n<\/tbody>\n<\/table>\n<h2 align=\"LEFT\"><b>2017<\/b><\/h2>\n<\/td>\n<\/tr>\n<tr>\n<td width=\"50%\" height=\"21\">\n<h6 align=\"LEFT\">K\u00f6nig<\/h6>\n<\/td>\n<td width=\"50%\" height=\"21\">\n<h6 align=\"LEFT\">Hans-J\u00fcrgen\u00a0 Maash<\/h6>\n<\/td>\n<\/tr>\n<tr>\n<td width=\"50%\" height=\"21\">\n<h6 align=\"LEFT\">K\u00f6nigin<\/h6>\n<\/td>\n<td width=\"50%\" height=\"21\">\n<h6 align=\"LEFT\">Nadine K\u00e4mpfer<\/h6>\n<\/td>\n<\/tr>\n<tr>\n<td width=\"50%\" height=\"21\">\n<h6 align=\"LEFT\">1. Ritter<\/h6>\n<\/td>\n<td width=\"50%\" height=\"21\">\n<h6 align=\"LEFT\">Domenic Maash<\/h6>\n<\/td>\n<\/tr>\n<tr>\n<td width=\"50%\" height=\"21\">\n<h6 align=\"LEFT\">1. Dame<\/h6>\n<\/td>\n<td width=\"50%\" height=\"21\">\n<h6 align=\"LEFT\">Astrid Sick<\/h6>\n<\/td>\n<\/tr>\n<tr>\n<td width=\"50%\" height=\"21\">\n<h6 align=\"LEFT\">2. Ritter<\/h6>\n<\/td>\n<td width=\"50%\" height=\"21\">\n<h6 align=\"LEFT\">Bernd Steffenhag<\/h6>\n<\/td>\n<\/tr>\n<tr>\n<td width=\"50%\" height=\"21\">\n<h6 align=\"LEFT\">2. Dame<\/h6>\n<\/td>\n<td width=\"50%\" height=\"21\">\n<h6 align=\"LEFT\">Kirsten Sick<\/h6>\n<\/td>\n<\/tr>\n<tr>\n<td width=\"50%\" height=\"21\"><\/td>\n<td width=\"50%\" height=\"21\"><\/td>\n<\/tr>\n<tr>\n<td width=\"50%\" height=\"21\">\n<h6 align=\"LEFT\">Jungk\u00f6nig<\/h6>\n<\/td>\n<td width=\"50%\" height=\"21\">\n<h6 align=\"LEFT\">\u00a0Nikolas Kraak<\/h6>\n<\/td>\n<\/tr>\n<tr>\n<td width=\"50%\" height=\"21\">\n<h6 align=\"LEFT\">1. Ritter<\/h6>\n<\/td>\n<td width=\"50%\" height=\"21\"><\/td>\n<\/tr>\n<tr>\n<td width=\"50%\" height=\"22\">\n<h6 align=\"LEFT\">2.Ritter<\/h6>\n<\/td>\n<td width=\"50%\" height=\"22\"><\/td>\n<\/tr>\n<tr>\n<td width=\"50%\" height=\"22\"><\/td>\n<\/tr>\n<\/tbody>\n<\/table>\n<table dir=\"LTR\" border=\"1\" width=\"471\" cellspacing=\"1\" cellpadding=\"2\">\n<tbody>\n<tr>\n<td colspan=\"2\" height=\"48\">\n<h6 align=\"LEFT\"><\/h6>\n<h2 align=\"LEFT\"><span style=\"font-family: Comic Sans MS;\"><b>K\u00f6nigshaus 2016<\/b><\/span><\/h2>\n<\/td>\n<\/tr>\n<tr>\n<td width=\"50%\" height=\"21\">\n<h6 align=\"LEFT\"><span style=\"font-family: Comic Sans MS;\">K\u00f6nig<\/span><\/h6>\n<\/td>\n<td width=\"50%\" height=\"21\">\n<h6 align=\"LEFT\"><span style=\"font-family: Comic Sans MS;\">Domenic Maash<br \/>\n<\/span><\/h6>\n<\/td>\n<\/tr>\n<tr>\n<td width=\"50%\" height=\"21\">\n<h6 align=\"LEFT\"><span style=\"font-family: Comic Sans MS;\">K\u00f6nigin<\/span><\/h6>\n<\/td>\n<td width=\"50%\" height=\"21\">\n<h6 align=\"LEFT\"><span style=\"font-family: Comic Sans MS;\">Astrid Sick<br \/>\n<\/span><\/h6>\n<\/td>\n<\/tr>\n<tr>\n<td width=\"50%\" height=\"21\">\n<h6 align=\"LEFT\"><span style=\"font-family: Comic Sans MS;\">1. Ritter<\/span><\/h6>\n<\/td>\n<td width=\"50%\" height=\"21\">\n<h6 align=\"LEFT\"><span style=\"font-family: Comic Sans MS;\">Wolfhard Krabbenh\u00f6ft<br \/>\n<\/span><\/h6>\n<\/td>\n<\/tr>\n<tr>\n<td width=\"50%\" height=\"21\">\n<h6 align=\"LEFT\"><span style=\"font-family: Comic Sans MS;\">1. Dame<\/span><\/h6>\n<\/td>\n<td width=\"50%\" height=\"21\">\n<h6 align=\"LEFT\"><span style=\"font-family: Comic Sans MS;\">Miriam Olschewski<br \/>\n<\/span><\/h6>\n<\/td>\n<\/tr>\n<tr>\n<td width=\"50%\" height=\"21\">\n<h6 align=\"LEFT\"><span style=\"font-family: Comic Sans MS;\">2. Ritter<\/span><\/h6>\n<\/td>\n<td width=\"50%\" height=\"21\">\n<h6 align=\"LEFT\"><span style=\"font-family: Comic Sans MS;\">Gerd Holst<br \/>\n<\/span><\/h6>\n<\/td>\n<\/tr>\n<tr>\n<td width=\"50%\" height=\"21\">\n<h6 align=\"LEFT\"><span style=\"font-family: Comic Sans MS;\">2. Dame<\/span><\/h6>\n<\/td>\n<td width=\"50%\" height=\"21\">\n<h6 align=\"LEFT\"><span style=\"font-family: Comic Sans MS;\">Kirsten Sick<\/span><\/h6>\n<\/td>\n<\/tr>\n<tr>\n<td width=\"50%\" height=\"21\"><\/td>\n<td width=\"50%\" height=\"21\"><\/td>\n<\/tr>\n<tr>\n<td width=\"50%\" height=\"21\">\n<h6 align=\"LEFT\"><span style=\"font-family: Comic Sans MS;\">Jungk\u00f6nig<\/span><\/h6>\n<\/td>\n<td width=\"50%\" height=\"21\">\n<h6 align=\"LEFT\"><span style=\"font-family: Comic Sans MS;\">\u00a0<\/span><\/h6>\n<\/td>\n<\/tr>\n<tr>\n<td width=\"50%\" height=\"21\">\n<h6 align=\"LEFT\"><span style=\"font-family: Comic Sans MS;\">1. Ritter<\/span><\/h6>\n<\/td>\n<td width=\"50%\" height=\"21\">\n<h6 align=\"LEFT\"><span style=\"font-family: Comic Sans MS;\">\u00a0<\/span><\/h6>\n<\/td>\n<\/tr>\n<tr>\n<td width=\"50%\" height=\"22\">\n<h6 align=\"LEFT\"><span style=\"font-family: Comic Sans MS;\">2.Ritter <\/span><\/h6>\n<\/td>\n<td width=\"50%\" height=\"22\">\n<h6 align=\"LEFT\"><span style=\"font-family: Comic Sans MS;\">\u00a0<\/span><\/h6>\n<\/td>\n<\/tr>\n<tr>\n<td width=\"50%\" height=\"22\"><\/td>\n<td width=\"50%\" height=\"22\"><\/td>\n<\/tr>\n<tr>\n<td width=\"50%\" height=\"22\">\n<h6 align=\"LEFT\"><span style=\"font-family: Comic Sans MS;\">Itzehoer-Pokal Jugend<\/span><\/h6>\n<\/td>\n<td width=\"50%\" height=\"22\">\n<h6 align=\"LEFT\"><span style=\"font-family: Comic Sans MS;\">\u00a0<\/span><\/h6>\n<\/td>\n<\/tr>\n<tr>\n<td width=\"50%\" height=\"22\">\n<h6 align=\"LEFT\"><span style=\"font-family: Comic Sans MS;\">8er-Pokal Jugend<\/span><\/h6>\n<\/td>\n<td width=\"50%\" height=\"22\">\n<h6 align=\"LEFT\"><span style=\"font-family: Comic Sans MS;\">\u00a0<\/span><\/h6>\n<\/td>\n<\/tr>\n<tr>\n<td width=\"50%\" height=\"22\">\n<h6 align=\"LEFT\"><span style=\"font-family: Comic Sans MS;\">Mini-Pokal<\/span><\/h6>\n<\/td>\n<td width=\"50%\" height=\"22\">\n<h6 align=\"LEFT\"><span style=\"font-family: Comic Sans MS;\">\u00a0<\/span><\/h6>\n<\/td>\n<\/tr>\n<tr>\n<td width=\"50%\" height=\"21\"><\/td>\n<td width=\"50%\" height=\"21\"><\/td>\n<\/tr>\n<tr>\n<td width=\"50%\" height=\"21\">\n<h6 align=\"LEFT\"><span style=\"font-family: Comic Sans MS;\">Pokal der Majest\u00e4ten<\/span><\/h6>\n<\/td>\n<td width=\"50%\" height=\"21\">\n<h6 align=\"LEFT\"><span style=\"font-family: Comic Sans MS;\">Miriam Olschewski<br \/>\n<\/span><\/h6>\n<\/td>\n<\/tr>\n<tr>\n<td width=\"50%\" height=\"21\">\n<h6 align=\"LEFT\"><span style=\"font-family: Comic Sans MS;\">Pokal der Nicht-Majest\u00e4ten<\/span><\/h6>\n<\/td>\n<td width=\"50%\" height=\"21\">\n<h6 align=\"LEFT\"><span style=\"font-family: Comic Sans MS;\">Domenic Maash<br \/>\n<\/span><\/h6>\n<\/td>\n<\/tr>\n<tr>\n<td width=\"50%\" height=\"21\">\n<h6 align=\"LEFT\"><span style=\"font-family: Comic Sans MS;\">KK &#8211; Pokal<\/span><\/h6>\n<\/td>\n<td width=\"50%\" height=\"21\">\n<h6 align=\"LEFT\"><span style=\"font-family: Comic Sans MS;\">Hans-Otto Stender<br \/>\n<\/span><\/h6>\n<\/td>\n<\/tr>\n<\/tbody>\n<\/table>\n<h2 align=\"LEFT\"><span style=\"font-family: Comic Sans MS;\"><b>K\u00f6nigshaus 2015<\/b><\/span><\/h2>\n<\/td>\n<\/tr>\n<tr>\n<td width=\"50%\" height=\"21\">\n<h6 align=\"LEFT\"><span style=\"font-family: Comic Sans MS;\">K\u00f6nig<\/span><\/h6>\n<\/td>\n<td width=\"50%\" height=\"21\">\n<h6 align=\"LEFT\"><span style=\"font-family: Comic Sans MS;\">Hartmut Fischer<br \/>\n<\/span><\/h6>\n<\/td>\n<\/tr>\n<tr>\n<td width=\"50%\" height=\"21\">\n<h6 align=\"LEFT\"><span style=\"font-family: Comic Sans MS;\">K\u00f6nigin<\/span><\/h6>\n<\/td>\n<td width=\"50%\" height=\"21\">\n<h6 align=\"LEFT\"><span style=\"font-family: Comic Sans MS;\"><strong>Regina Murawski<\/strong><br \/>\n<\/span><\/h6>\n<\/td>\n<\/tr>\n<tr>\n<td width=\"50%\" height=\"21\">\n<h6 align=\"LEFT\"><span style=\"font-family: Comic Sans MS;\">1. Ritter<\/span><\/h6>\n<\/td>\n<td width=\"50%\" height=\"21\">\n<h6 align=\"LEFT\"><span style=\"font-family: Comic Sans MS;\">Hans-J\u00fcrgen Maash<br \/>\n<\/span><\/h6>\n<\/td>\n<\/tr>\n<tr>\n<td width=\"50%\" height=\"21\">\n<h6 align=\"LEFT\"><span style=\"font-family: Comic Sans MS;\">1. Dame<\/span><\/h6>\n<\/td>\n<td width=\"50%\" height=\"21\">\n<h6 align=\"LEFT\"><span style=\"font-family: Comic Sans MS;\">Antje-Marie Kaliebe<br \/>\n<\/span><\/h6>\n<\/td>\n<\/tr>\n<tr>\n<td width=\"50%\" height=\"21\">\n<h6 align=\"LEFT\"><span style=\"font-family: Comic Sans MS;\">2. Ritter<\/span><\/h6>\n<\/td>\n<td width=\"50%\" height=\"21\">\n<h6 align=\"LEFT\"><span style=\"font-family: Comic Sans MS;\">Erwin Wei\u00dfmann<br \/>\n<\/span><\/h6>\n<\/td>\n<\/tr>\n<tr>\n<td width=\"50%\" height=\"21\">\n<h6 align=\"LEFT\"><span style=\"font-family: Comic Sans MS;\">2. Dame<\/span><\/h6>\n<\/td>\n<td width=\"50%\" height=\"21\">\n<h6 align=\"LEFT\"><span style=\"font-family: Comic Sans MS;\">Miriam Olschewski<br \/>\n<\/span><\/h6>\n<\/td>\n<\/tr>\n<tr>\n<td width=\"50%\" height=\"21\"><\/td>\n<td width=\"50%\" height=\"21\"><\/td>\n<\/tr>\n<tr>\n<td width=\"50%\" height=\"21\">\n<h6 align=\"LEFT\"><span style=\"font-family: Comic Sans MS;\">Jungk\u00f6nig<\/span><\/h6>\n<\/td>\n<td width=\"50%\" height=\"21\">\n<h6 align=\"LEFT\"><span style=\"font-family: Comic Sans MS;\">Maximilian Weiss<br \/>\n<\/span><\/h6>\n<\/td>\n<\/tr>\n<tr>\n<td width=\"50%\" height=\"21\">\n<h6 align=\"LEFT\"><span style=\"font-family: Comic Sans MS;\">1. Ritter<\/span><\/h6>\n<\/td>\n<td width=\"50%\" height=\"21\">\n<h6 align=\"LEFT\"><span style=\"font-family: Comic Sans MS;\">Domenic Maash<\/span><\/h6>\n<\/td>\n<\/tr>\n<tr>\n<td width=\"50%\" height=\"22\">\n<h6 align=\"LEFT\"><span style=\"font-family: Comic Sans MS;\">2.Ritter <\/span><\/h6>\n<\/td>\n<td width=\"50%\" height=\"22\">\n<h6 align=\"LEFT\"><span style=\"font-family: Comic Sans MS;\">Torge M\u00fcnster<br \/>\n<\/span><\/h6>\n<\/td>\n<\/tr>\n<tr>\n<td width=\"50%\" height=\"22\"><\/td>\n<td width=\"50%\" height=\"22\"><\/td>\n<\/tr>\n<tr>\n<td width=\"50%\" height=\"22\">\n<h6 align=\"LEFT\"><span style=\"font-family: Comic Sans MS;\">Itzehoer-Pokal Jugend<\/span><\/h6>\n<\/td>\n<td width=\"50%\" height=\"22\">\n<h6 align=\"LEFT\"><span style=\"font-family: Comic Sans MS;\">Justin Jacobsen<br \/>\n<\/span><\/h6>\n<\/td>\n<\/tr>\n<tr>\n<td width=\"50%\" height=\"22\">\n<h6 align=\"LEFT\"><span style=\"font-family: Comic Sans MS;\">8er-Pokal Jugend<\/span><\/h6>\n<\/td>\n<td width=\"50%\" height=\"22\">\n<h6 align=\"LEFT\"><span style=\"font-family: Comic Sans MS;\">Daniel Maash<br \/>\n<\/span><\/h6>\n<\/td>\n<\/tr>\n<tr>\n<td width=\"50%\" height=\"22\">\n<h6 align=\"LEFT\"><span style=\"font-family: Comic Sans MS;\">Mini-Pokal<\/span><\/h6>\n<\/td>\n<td width=\"50%\" height=\"22\">\n<h6 align=\"LEFT\"><span style=\"font-family: Comic Sans MS;\">Domenic Maash<br \/>\n<\/span><\/h6>\n<\/td>\n<\/tr>\n<tr>\n<td width=\"50%\" height=\"21\"><\/td>\n<td width=\"50%\" height=\"21\"><\/td>\n<\/tr>\n<tr>\n<td width=\"50%\" height=\"21\">\n<h6 align=\"LEFT\"><span style=\"font-family: Comic Sans MS;\">Pokal der Majest\u00e4ten<\/span><\/h6>\n<\/td>\n<td width=\"50%\" height=\"21\">\n<h6 align=\"LEFT\"><span style=\"font-family: Comic Sans MS;\">Sascha Holst<br \/>\n<\/span><\/h6>\n<\/td>\n<\/tr>\n<tr>\n<td width=\"50%\" height=\"21\">\n<h6 align=\"LEFT\"><span style=\"font-family: Comic Sans MS;\">Pokal der Nicht-Majest\u00e4ten<\/span><\/h6>\n<\/td>\n<td width=\"50%\" height=\"21\">\n<h6 align=\"LEFT\"><span style=\"font-family: Comic Sans MS;\">Hans-J\u00fcrgen Maash<br \/>\n<\/span><\/h6>\n<\/td>\n<\/tr>\n<tr>\n<td width=\"50%\" height=\"21\">\n<h6 align=\"LEFT\"><span style=\"font-family: Comic Sans MS;\">KK &#8211; Pokal<\/span><\/h6>\n<\/td>\n<td width=\"50%\" height=\"21\">\n<h6 align=\"LEFT\"><span style=\"font-family: Comic Sans MS;\">Sascha Holst<br \/>\n<\/span><\/h6>\n<\/td>\n<\/tr>\n<\/tbody>\n<\/table>\n<h6 align=\"LEFT\"><\/h6>\n<h2 align=\"LEFT\"><span style=\"font-family: Comic Sans MS;\"><b>K\u00f6nigshaus 2014<\/b><\/span><\/h2>\n<\/td>\n<\/tr>\n<tr>\n<td width=\"50%\" height=\"21\">\n<h6 align=\"LEFT\"><span style=\"font-family: Comic Sans MS;\">K\u00f6nig<\/span><\/h6>\n<\/td>\n<td width=\"50%\" height=\"21\">\n<h6 align=\"LEFT\"><span style=\"font-family: Comic Sans MS;\">Eduard Dell<\/span><\/h6>\n<\/td>\n<\/tr>\n<tr>\n<td width=\"50%\" height=\"21\">\n<h6 align=\"LEFT\"><span style=\"font-family: Comic Sans MS;\">K\u00f6nigin<\/span><\/h6>\n<\/td>\n<td width=\"50%\" height=\"21\">\n<h6 align=\"LEFT\"><span style=\"font-family: Comic Sans MS;\">Miriam Olschewski<\/span><\/h6>\n<\/td>\n<\/tr>\n<tr>\n<td width=\"50%\" height=\"21\">\n<h6 align=\"LEFT\"><span style=\"font-family: Comic Sans MS;\">1. Ritter<\/span><\/h6>\n<\/td>\n<td width=\"50%\" height=\"21\">\n<h6 align=\"LEFT\"><span style=\"font-family: Comic Sans MS;\">J\u00fcrgen Krabbenh\u00f6ft<\/span><\/h6>\n<\/td>\n<\/tr>\n<tr>\n<td width=\"50%\" height=\"21\">\n<h6 align=\"LEFT\"><span style=\"font-family: Comic Sans MS;\">1. Dame<\/span><\/h6>\n<\/td>\n<td width=\"50%\" height=\"21\">\n<h6 align=\"LEFT\"><span style=\"font-family: Comic Sans MS;\">Kirsten Sick<\/span><\/h6>\n<\/td>\n<\/tr>\n<tr>\n<td width=\"50%\" height=\"21\">\n<h6 align=\"LEFT\"><span style=\"font-family: Comic Sans MS;\">2. Ritter<\/span><\/h6>\n<\/td>\n<td width=\"50%\" height=\"21\">\n<h6 align=\"LEFT\"><span style=\"font-family: Comic Sans MS;\">Norbert Teumer<\/span><\/h6>\n<\/td>\n<\/tr>\n<tr>\n<td width=\"50%\" height=\"21\">\n<h6 align=\"LEFT\"><span style=\"font-family: Comic Sans MS;\">2. Dame<\/span><\/h6>\n<\/td>\n<td width=\"50%\" height=\"21\">\n<h6 align=\"LEFT\"><span style=\"font-family: Comic Sans MS;\">Astrid Sick<\/span><\/h6>\n<\/td>\n<\/tr>\n<tr>\n<td width=\"50%\" height=\"21\"><\/td>\n<td width=\"50%\" height=\"21\"><\/td>\n<\/tr>\n<tr>\n<td width=\"50%\" height=\"21\">\n<h6 align=\"LEFT\"><span style=\"font-family: Comic Sans MS;\">Jungk\u00f6nig<\/span><\/h6>\n<\/td>\n<td width=\"50%\" height=\"21\">\n<h6 align=\"LEFT\"><span style=\"font-family: Comic Sans MS;\">Nikolas Kraak<\/span><\/h6>\n<\/td>\n<\/tr>\n<tr>\n<td width=\"50%\" height=\"21\">\n<h6 align=\"LEFT\"><span style=\"font-family: Comic Sans MS;\">1. Ritter<\/span><\/h6>\n<\/td>\n<td width=\"50%\" height=\"21\">\n<h6 align=\"LEFT\"><span style=\"font-family: Comic Sans MS;\">Domenic Maash<\/span><\/h6>\n<\/td>\n<\/tr>\n<tr>\n<td width=\"50%\" height=\"22\">\n<h6 align=\"LEFT\"><span style=\"font-family: Comic Sans MS;\">2.Ritter <\/span><\/h6>\n<\/td>\n<td width=\"50%\" height=\"22\">\n<h6 align=\"LEFT\"><span style=\"font-family: Comic Sans MS;\">Ludger K\u00fchl<\/span><\/h6>\n<\/td>\n<\/tr>\n<tr>\n<td width=\"50%\" height=\"22\"><\/td>\n<td width=\"50%\" height=\"22\"><\/td>\n<\/tr>\n<tr>\n<td width=\"50%\" height=\"22\">\n<h6 align=\"LEFT\"><span style=\"font-family: Comic Sans MS;\">Itzehoer-Pokal Jugend<\/span><\/h6>\n<\/td>\n<td width=\"50%\" height=\"22\">\n<h6 align=\"LEFT\"><span style=\"font-family: Comic Sans MS;\">Malte Fuchs<\/span><\/h6>\n<\/td>\n<\/tr>\n<tr>\n<td width=\"50%\" height=\"22\">\n<h6 align=\"LEFT\"><span style=\"font-family: Comic Sans MS;\">8er-Pokal Jugend<\/span><\/h6>\n<\/td>\n<td width=\"50%\" height=\"22\">\n<h6 align=\"LEFT\"><span style=\"font-family: Comic Sans MS;\">Ludger K\u00fchl<\/span><\/h6>\n<\/td>\n<\/tr>\n<tr>\n<td width=\"50%\" height=\"22\">\n<h6 align=\"LEFT\"><span style=\"font-family: Comic Sans MS;\">Mini-Pokal<\/span><\/h6>\n<\/td>\n<td width=\"50%\" height=\"22\">\n<h6 align=\"LEFT\"><span style=\"font-family: Comic Sans MS;\">Malte Fuchs<\/span><\/h6>\n<\/td>\n<\/tr>\n<tr>\n<td width=\"50%\" height=\"21\"><\/td>\n<td width=\"50%\" height=\"21\"><\/td>\n<\/tr>\n<tr>\n<td width=\"50%\" height=\"21\">\n<h6 align=\"LEFT\"><span style=\"font-family: Comic Sans MS;\">Pokal der Majest\u00e4ten<\/span><\/h6>\n<\/td>\n<td width=\"50%\" height=\"21\">\n<h6 align=\"LEFT\"><span style=\"font-family: Comic Sans MS;\">Hans St\u00fcwe<\/span><\/h6>\n<\/td>\n<\/tr>\n<tr>\n<td width=\"50%\" height=\"21\">\n<h6 align=\"LEFT\"><span style=\"font-family: Comic Sans MS;\">Pokal der Nicht-Majest\u00e4ten<\/span><\/h6>\n<\/td>\n<td width=\"50%\" height=\"21\">\n<h6 align=\"LEFT\"><span style=\"font-family: Comic Sans MS;\">Miriam Olschewski<\/span><\/h6>\n<\/td>\n<\/tr>\n<tr>\n<td width=\"50%\" height=\"21\">\n<h6 align=\"LEFT\"><span style=\"font-family: Comic Sans MS;\">KK &#8211; Pokal<\/span><\/h6>\n<\/td>\n<td width=\"50%\" height=\"21\">\n<h6 align=\"LEFT\"><span style=\"font-family: Comic Sans MS;\">Hans St\u00fcwe<\/span><\/h6>\n<\/td>\n<\/tr>\n<\/tbody>\n<\/table>\n<h2 style=\"text-align: justify;\">K\u00f6nigshaus 2013<\/h2>\n<table class=\"stiftungsfest\" border=\"0\">\n<tbody>\n<tr>\n<td>K\u00f6nig<\/td>\n<td class=\"stiftungsfest\">Bernd Steffenhag<\/td>\n<\/tr>\n<tr>\n<td>K\u00f6nigin<\/td>\n<td>Edeltraud Schr\u00f6der<\/td>\n<\/tr>\n<tr>\n<td>1. Ritter<\/td>\n<td>Eddi Batschkun<\/td>\n<\/tr>\n<tr>\n<td>1. Dame<\/td>\n<td>Antje-Marie Kaliebe<\/td>\n<\/tr>\n<tr>\n<td>2. Ritter<\/td>\n<td>Sven Jansen<\/td>\n<\/tr>\n<tr>\n<td>2. Dame<\/td>\n<td>Astrid Goos<\/td>\n<\/tr>\n<tr>\n<td>Jungk\u00f6nig<\/td>\n<td>\u00a0Domenic Maash<\/td>\n<\/tr>\n<tr>\n<td>1. Jungritter<\/td>\n<td>\u00a0Lukas Laaser<\/td>\n<\/tr>\n<tr>\n<td>2. Jungritter<\/td>\n<td>\u00a0Ludger K\u00fchl<\/td>\n<\/tr>\n<\/tbody>\n<\/table>\n<table class=\"stiftungsfest\" border=\"0\">\n<thead>\n<tr>\n<th>Pokale der Erwachsenen:<\/th>\n<th><\/th>\n<\/tr>\n<\/thead>\n<tbody>\n<tr>\n<td>Majest\u00e4tenpokal<\/td>\n<td>Hans-Peter K\u00f6ster<\/td>\n<\/tr>\n<tr>\n<td>Pokal der Nicht-Majest\u00e4ten<\/td>\n<td>Antje-Marie Kaliebe<\/td>\n<\/tr>\n<tr>\n<td>KK-Pokal<\/td>\n<td>Ede Dell<\/td>\n<\/tr>\n<\/tbody>\n<\/table>\n<table class=\"stiftungsfest\" border=\"0\">\n<thead>\n<tr>\n<th>Pokale der Jugend:<\/th>\n<th><\/th>\n<\/tr>\n<\/thead>\n<tbody>\n<tr>\n<td>Itzehoer &#8211; Pokal (Nicht-Majest\u00e4ten)<\/td>\n<td>\u00a0Tim-Erik Bewarder<\/td>\n<\/tr>\n<tr>\n<td>8-er Pokal<\/td>\n<td>\u00a0Tim-Erik Bewarder<\/td>\n<\/tr>\n<tr>\n<td>Mini &#8211; Pokal<\/td>\n<td>\u00a0Erik Mohr<\/td>\n<\/tr>\n<\/tbody>\n<\/table>\n","protected":false},"excerpt":{"rendered":"<p>K\u00f6nigshaus 2022 K\u00f6nig Oleksandr Ilchuk 1. Ritter Sascha Holst 2. Ritter Gerd Holst Pokal der Majest\u00e4ten Aksana Dell Pokal der Nicht-Majest\u00e4ten Oleksandr Ilchuk \u00a0KK &#8211; Pokal S\u00f6nke Rademacher K\u00f6nigshaus 2018 K\u00f6nig Eduard Dell K\u00f6nigin Dagmar K\u00f6ster 1. Ritter Marcus Strecker 1. Dame Nadine K\u00e4mpfer 2. Ritter Gerd Holst 2. Dame Astrid Sick Jungk\u00f6nig \u00a0Daniel Maash 1. Ritter 2.Ritter 2017 K\u00f6nig<\/p>\n","protected":false},"author":1,"featured_media":0,"parent":32,"menu_order":0,"comment_status":"closed","ping_status":"open","template":"","meta":{"footnotes":""},"class_list":["post-73","page","type-page","status-publish","hentry"],"_links":{"self":[{"href":"http:\/\/schv-revensdorf.de\/index.php?rest_route=\/wp\/v2\/pages\/73","targetHints":{"allow":["GET"]}}],"collection":[{"href":"http:\/\/schv-revensdorf.de\/index.php?rest_route=\/wp\/v2\/pages"}],"about":[{"href":"http:\/\/schv-revensdorf.de\/index.php?rest_route=\/wp\/v2\/types\/page"}],"author":[{"embeddable":true,"href":"http:\/\/schv-revensdorf.de\/index.php?rest_route=\/wp\/v2\/users\/1"}],"replies":[{"embeddable":true,"href":"http:\/\/schv-revensdorf.de\/index.php?rest_route=%2Fwp%2Fv2%2Fcomments&post=73"}],"version-history":[{"count":13,"href":"http:\/\/schv-revensdorf.de\/index.php?rest_route=\/wp\/v2\/pages\/73\/revisions"}],"predecessor-version":[{"id":824,"href":"http:\/\/schv-revensdorf.de\/index.php?rest_route=\/wp\/v2\/pages\/73\/revisions\/824"}],"up":[{"embeddable":true,"href":"http:\/\/schv-revensdorf.de\/index.php?rest_route=\/wp\/v2\/pages\/32"}],"wp:attachment":[{"href":"http:\/\/schv-revensdorf.de\/index.php?rest_route=%2Fwp%2Fv2%2Fmedia&parent=73"}],"curies":[{"name":"wp","href":"https:\/\/api.w.org\/{rel}","templated":true}]}}